{"id":805,"date":"2020-06-25T00:17:40","date_gmt":"2020-06-24T22:17:40","guid":{"rendered":"https:\/\/steinhauerstube.de\/CMS\/?page_id=805"},"modified":"2021-01-04T19:07:03","modified_gmt":"2021-01-04T18:07:03","slug":"nachgeburtstoepfe","status":"publish","type":"page","link":"https:\/\/steinhauerstube.de\/CMS\/nachgeburtstoepfe\/","title":{"rendered":"Nachgeburtst\u00f6pfe"},"content":{"rendered":"\t\t<div data-elementor-type=\"wp-page\" data-elementor-id=\"805\" class=\"elementor elementor-805\">\n\t\t\t\t\t\t<section class=\"elementor-section elementor-top-section elementor-element elementor-element-68f17d5 elementor-section-boxed elementor-section-height-default elementor-section-height-default\" data-id=\"68f17d5\" data-element_type=\"section\" data-e-type=\"section\" data-settings=\"{&quot;shape_divider_top&quot;:&quot;book&quot;,&quot;shape_divider_top_negative&quot;:&quot;yes&quot;}\">\n\t\t\t\t\t<div class=\"elementor-shape elementor-shape-top\" aria-hidden=\"true\" data-negative=\"true\">\n\t\t\t<svg xmlns=\"http:\/\/www.w3.org\/2000\/svg\" viewBox=\"0 0 1000 100\" preserveAspectRatio=\"none\">\n\t<path class=\"elementor-shape-fill\" d=\"M806,94.7C619.5,90,500,20.3,500,1.7c-1,18.6-117.5,88.3-306,93C92,97.2,0,97.9,0,97.9v-0l0,0v2.3h1000v-2.3 C1000,97.7,920.3,97.6,806,94.7z M350,65.1L350,65.1L350,65.1L350,65.1z\"\/>\n<\/svg>\n\t\t<\/div>\n\t\t\t\t\t<div class=\"elementor-container elementor-column-gap-default\">\n\t\t\t\t\t<div class=\"elementor-column elementor-col-100 elementor-top-column elementor-element elementor-element-3401f7f\" data-id=\"3401f7f\" data-element_type=\"column\" data-e-type=\"column\">\n\t\t\t<div class=\"elementor-widget-wrap elementor-element-populated\">\n\t\t\t\t\t\t<div class=\"elementor-element elementor-element-46c158b elementor-widget elementor-widget-spacer\" data-id=\"46c158b\" data-element_type=\"widget\" data-e-type=\"widget\" data-widget_type=\"spacer.default\">\n\t\t\t\t<div class=\"elementor-widget-container\">\n\t\t\t\t\t<span id=46c158b><\/span>\t\t<div class=\"elementor-spacer\">\n\t\t\t<div class=\"elementor-spacer-inner\"><\/div>\n\t\t<\/div>\n\t\t\t\t\t\t<\/div>\n\t\t\t\t<\/div>\n\t\t\t\t\t<\/div>\n\t\t<\/div>\n\t\t\t\t\t<\/div>\n\t\t<\/section>\n\t\t\t\t<section class=\"elementor-section elementor-top-section elementor-element elementor-element-52c8785 elementor-section-boxed elementor-section-height-default elementor-section-height-default\" data-id=\"52c8785\" data-element_type=\"section\" data-e-type=\"section\">\n\t\t\t\t\t\t<div class=\"elementor-container elementor-column-gap-default\">\n\t\t\t\t\t<div class=\"elementor-column elementor-col-100 elementor-top-column elementor-element elementor-element-75157e0\" data-id=\"75157e0\" data-element_type=\"column\" data-e-type=\"column\">\n\t\t\t<div class=\"elementor-widget-wrap elementor-element-populated\">\n\t\t\t\t\t\t<div class=\"elementor-element elementor-element-3b1e61a elementor-widget elementor-widget-heading\" data-id=\"3b1e61a\" data-element_type=\"widget\" data-e-type=\"widget\" data-widget_type=\"heading.default\">\n\t\t\t\t<div class=\"elementor-widget-container\">\n\t\t\t\t\t<span id=3b1e61a><\/span><h1 class=\"elementor-heading-title elementor-size-default\">Das Begleitprogramm zur Sonderausstellung<\/h1>\t\t\t\t<\/div>\n\t\t\t\t<\/div>\n\t\t\t\t\t<\/div>\n\t\t<\/div>\n\t\t\t\t\t<\/div>\n\t\t<\/section>\n\t\t\t\t<section class=\"elementor-section elementor-top-section elementor-element elementor-element-29e8f86 elementor-section-boxed elementor-section-height-default elementor-section-height-default\" data-id=\"29e8f86\" data-element_type=\"section\" data-e-type=\"section\">\n\t\t\t\t\t\t<div class=\"elementor-container elementor-column-gap-default\">\n\t\t\t\t\t<div class=\"elementor-column elementor-col-100 elementor-top-column elementor-element elementor-element-1a5b6ff\" data-id=\"1a5b6ff\" data-element_type=\"column\" data-e-type=\"column\">\n\t\t\t<div class=\"elementor-widget-wrap elementor-element-populated\">\n\t\t\t\t\t\t<div class=\"elementor-element elementor-element-27e7d8c elementor-widget elementor-widget-spacer\" data-id=\"27e7d8c\" data-element_type=\"widget\" data-e-type=\"widget\" data-widget_type=\"spacer.default\">\n\t\t\t\t<div class=\"elementor-widget-container\">\n\t\t\t\t\t<span id=27e7d8c><\/span>\t\t<div class=\"elementor-spacer\">\n\t\t\t<div class=\"elementor-spacer-inner\"><\/div>\n\t\t<\/div>\n\t\t\t\t\t\t<\/div>\n\t\t\t\t<\/div>\n\t\t\t\t\t<\/div>\n\t\t<\/div>\n\t\t\t\t\t<\/div>\n\t\t<\/section>\n\t\t\t\t<section class=\"elementor-section elementor-top-section elementor-element elementor-element-f892400 elementor-section-boxed elementor-section-height-default elementor-section-height-default\" data-id=\"f892400\" data-element_type=\"section\" data-e-type=\"section\">\n\t\t\t\t\t\t<div class=\"elementor-container elementor-column-gap-default\">\n\t\t\t\t\t<div class=\"elementor-column elementor-col-100 elementor-top-column elementor-element elementor-element-68a65f1\" data-id=\"68a65f1\" data-element_type=\"column\" data-e-type=\"column\">\n\t\t\t<div class=\"elementor-widget-wrap elementor-element-populated\">\n\t\t\t\t\t\t<div class=\"elementor-element elementor-element-7df6e37 elementor-widget elementor-widget-heading\" data-id=\"7df6e37\" data-element_type=\"widget\" data-e-type=\"widget\" data-widget_type=\"heading.default\">\n\t\t\t\t<div class=\"elementor-widget-container\">\n\t\t\t\t\t<span id=7df6e37><\/span><h3 class=\"elementor-heading-title elementor-size-large\">Vortrag am 22.September 2020: Vergraben \u2013 verwahrt \u2013 verborgen: Nachgeburtst\u00f6pfe als arch\u00e4ologische Zeugnisse fr\u00fchzeitlicher Glaubenswelten<\/h3>\t\t\t\t<\/div>\n\t\t\t\t<\/div>\n\t\t\t\t\t<\/div>\n\t\t<\/div>\n\t\t\t\t\t<\/div>\n\t\t<\/section>\n\t\t\t\t<section class=\"elementor-section elementor-top-section elementor-element elementor-element-5df6b5a elementor-section-boxed elementor-section-height-default elementor-section-height-default\" data-id=\"5df6b5a\" data-element_type=\"section\" data-e-type=\"section\">\n\t\t\t\t\t\t<div class=\"elementor-container elementor-column-gap-default\">\n\t\t\t\t\t<div class=\"elementor-column elementor-col-100 elementor-top-column elementor-element elementor-element-15d5b89\" data-id=\"15d5b89\" data-element_type=\"column\" data-e-type=\"column\">\n\t\t\t<div class=\"elementor-widget-wrap elementor-element-populated\">\n\t\t\t\t\t\t<div class=\"elementor-element elementor-element-74e2b6a elementor-arrows-position-inside elementor-pagination-position-outside elementor-widget elementor-widget-image-carousel\" data-id=\"74e2b6a\" data-element_type=\"widget\" data-e-type=\"widget\" data-settings=\"{&quot;navigation&quot;:&quot;both&quot;,&quot;autoplay&quot;:&quot;yes&quot;,&quot;pause_on_hover&quot;:&quot;yes&quot;,&quot;pause_on_interaction&quot;:&quot;yes&quot;,&quot;autoplay_speed&quot;:5000,&quot;infinite&quot;:&quot;yes&quot;,&quot;speed&quot;:500}\" data-widget_type=\"image-carousel.default\">\n\t\t\t\t<div class=\"elementor-widget-container\">\n\t\t\t\t\t<span id=74e2b6a><\/span>\t\t<div class=\"elementor-image-carousel-wrapper swiper\" role=\"region\" aria-roledescription=\"carousel\" aria-label=\"Bild Karussell\" dir=\"ltr\">\n\t\t\t<div class=\"elementor-image-carousel swiper-wrapper\" aria-live=\"off\">\n\t\t\t\t\t\t\t\t<div class=\"swiper-slide\" role=\"group\" aria-roledescription=\"slide\" aria-label=\"1 von 8\"><figure class=\"swiper-slide-inner\"><img decoding=\"async\" class=\"swiper-slide-image\" src=\"https:\/\/steinhauerstube.de\/CMS\/wp-content\/uploads\/2020\/10\/IMG_8021c-1024x768.jpg\" alt=\"IMG_8021c\" \/><\/figure><\/div><div class=\"swiper-slide\" role=\"group\" aria-roledescription=\"slide\" aria-label=\"2 von 8\"><figure class=\"swiper-slide-inner\"><img decoding=\"async\" class=\"swiper-slide-image\" src=\"https:\/\/steinhauerstube.de\/CMS\/wp-content\/uploads\/2020\/10\/IMG_7992-1024x768.jpg\" alt=\"IMG_7992\" \/><\/figure><\/div><div class=\"swiper-slide\" role=\"group\" aria-roledescription=\"slide\" aria-label=\"3 von 8\"><figure class=\"swiper-slide-inner\"><img decoding=\"async\" class=\"swiper-slide-image\" src=\"https:\/\/steinhauerstube.de\/CMS\/wp-content\/uploads\/2020\/10\/2020-09-22a-Vortrag-SDalacker-1024x576.jpg\" alt=\"Vortrag:Nachgeburtst\u00f6pfe\" \/><\/figure><\/div><div class=\"swiper-slide\" role=\"group\" aria-roledescription=\"slide\" aria-label=\"4 von 8\"><figure class=\"swiper-slide-inner\"><img decoding=\"async\" class=\"swiper-slide-image\" src=\"https:\/\/steinhauerstube.de\/CMS\/wp-content\/uploads\/2020\/10\/P1017757web-1024x768.jpg\" alt=\"OLYMPUS DIGITAL CAMERA\" \/><\/figure><\/div><div class=\"swiper-slide\" role=\"group\" aria-roledescription=\"slide\" aria-label=\"5 von 8\"><figure class=\"swiper-slide-inner\"><img decoding=\"async\" class=\"swiper-slide-image\" src=\"https:\/\/steinhauerstube.de\/CMS\/wp-content\/uploads\/2020\/10\/P1017729web-1024x768.jpg\" alt=\"OLYMPUS DIGITAL CAMERA\" \/><\/figure><\/div><div class=\"swiper-slide\" role=\"group\" aria-roledescription=\"slide\" aria-label=\"6 von 8\"><figure class=\"swiper-slide-inner\"><img decoding=\"async\" class=\"swiper-slide-image\" src=\"https:\/\/steinhauerstube.de\/CMS\/wp-content\/uploads\/2020\/10\/P1017721web-1024x768.jpg\" alt=\"OLYMPUS DIGITAL CAMERA\" \/><\/figure><\/div><div class=\"swiper-slide\" role=\"group\" aria-roledescription=\"slide\" aria-label=\"7 von 8\"><figure class=\"swiper-slide-inner\"><img decoding=\"async\" class=\"swiper-slide-image\" src=\"https:\/\/steinhauerstube.de\/CMS\/wp-content\/uploads\/2020\/10\/P1017739web-1024x768.jpg\" alt=\"OLYMPUS DIGITAL CAMERA\" \/><\/figure><\/div><div class=\"swiper-slide\" role=\"group\" aria-roledescription=\"slide\" aria-label=\"8 von 8\"><figure class=\"swiper-slide-inner\"><img decoding=\"async\" class=\"swiper-slide-image\" src=\"https:\/\/steinhauerstube.de\/CMS\/wp-content\/uploads\/2020\/10\/P1017749web-1024x768.jpg\" alt=\"OLYMPUS DIGITAL CAMERA\" \/><\/figure><\/div>\t\t\t<\/div>\n\t\t\t\t\t\t\t\t\t\t\t\t<div class=\"elementor-swiper-button elementor-swiper-button-prev\" role=\"button\" tabindex=\"0\">\n\t\t\t\t\t\t<i aria-hidden=\"true\" class=\"eicon-chevron-left\"><\/i>\t\t\t\t\t<\/div>\n\t\t\t\t\t<div class=\"elementor-swiper-button elementor-swiper-button-next\" role=\"button\" tabindex=\"0\">\n\t\t\t\t\t\t<i aria-hidden=\"true\" class=\"eicon-chevron-right\"><\/i>\t\t\t\t\t<\/div>\n\t\t\t\t\n\t\t\t\t\t\t\t\t\t<div class=\"swiper-pagination\"><\/div>\n\t\t\t\t\t\t\t\t\t<\/div>\n\t\t\t\t\t\t<\/div>\n\t\t\t\t<\/div>\n\t\t\t\t<div class=\"elementor-element elementor-element-95d331c elementor-widget elementor-widget-text-editor\" data-id=\"95d331c\" data-element_type=\"widget\" data-e-type=\"widget\" data-widget_type=\"text-editor.default\">\n\t\t\t\t<div class=\"elementor-widget-container\">\n\t\t\t\t\t<span id=95d331c><\/span>\t\t\t\t<p style=\"text-align: center;\">Vortrag von Svenja Dalacker, Universit\u00e4t T\u00fcbingen<\/p>\t\t\t\t\t\t\t\t<\/div>\n\t\t\t\t<\/div>\n\t\t\t\t\t<\/div>\n\t\t<\/div>\n\t\t\t\t\t<\/div>\n\t\t<\/section>\n\t\t\t\t<section class=\"elementor-section elementor-top-section elementor-element elementor-element-f78599b elementor-section-boxed elementor-section-height-default elementor-section-height-default\" data-id=\"f78599b\" data-element_type=\"section\" data-e-type=\"section\" data-settings=\"{&quot;shape_divider_bottom&quot;:&quot;book&quot;}\">\n\t\t\t\t\t<div class=\"elementor-shape elementor-shape-bottom\" aria-hidden=\"true\" data-negative=\"false\">\n\t\t\t<svg xmlns=\"http:\/\/www.w3.org\/2000\/svg\" viewBox=\"0 0 1000 100\" preserveAspectRatio=\"none\">\n\t<path class=\"elementor-shape-fill\" d=\"M194,99c186.7,0.7,305-78.3,306-97.2c1,18.9,119.3,97.9,306,97.2c114.3-0.3,194,0.3,194,0.3s0-91.7,0-100c0,0,0,0,0-0 L0,0v99.3C0,99.3,79.7,98.7,194,99z\"\/>\n<\/svg>\t\t<\/div>\n\t\t\t\t\t<div class=\"elementor-container elementor-column-gap-default\">\n\t\t\t\t\t<div class=\"elementor-column elementor-col-100 elementor-top-column elementor-element elementor-element-81c4501\" data-id=\"81c4501\" data-element_type=\"column\" data-e-type=\"column\">\n\t\t\t<div class=\"elementor-widget-wrap elementor-element-populated\">\n\t\t\t\t\t\t<div class=\"elementor-element elementor-element-24f5f05 elementor-widget elementor-widget-text-editor\" data-id=\"24f5f05\" data-element_type=\"widget\" data-e-type=\"widget\" data-widget_type=\"text-editor.default\">\n\t\t\t\t<div class=\"elementor-widget-container\">\n\t\t\t\t\t<span id=24f5f05><\/span>\t\t\t\t<p><strong>Vergraben \u2013 verwahrt \u2013 verborgen: Nachgeburtst\u00f6pfe als arch\u00e4ologische Zeugnisse<\/strong><\/p><p>lautete der Titel des Vortrags von Frau Svenja Dalacker M.A. am Dienstag, den 22. September 2020, zu dem die Stadt Maulbronn und der B\u00fcrgerverein Schmie im Rahmen des Begleitprogramms zur Ausstellung \u201eAlltagsmagie \u2013 Riten, Schutzzauber und Bauopfer\u201c eingeladen hatten und der zahlreiche B\u00fcrger und B\u00fcrgerinnen anzog.<\/p><p>In ihrem interessanten und gut illustrierten Vortrag f\u00fchrte Frau Dalacker aus, dass es sich bei der Nachgeburtsbestattung um einen Brauch handelt, f\u00fcr den es vor der Reformation kaum Belege gibt. Im 16. Jahrhundert nimmt die Verbreitung dieses Brauches zu, bis sie im 17. und 18. Jahrhundert einen H\u00f6hepunkt erreicht, um danach wieder weitgehend aus dem Bewusstsein der Bev\u00f6lkerung zu verschwinden. Erst durch 1943 und 1984 gemachte Funde in Unzhurst bei B\u00fchl (Baden) bzw. in B\u00f6nnigheim und Sindelfingen gelangte dieser Brauch wieder in das Bewusstsein zun\u00e4chst der Fachleute und dann auch der Bev\u00f6lkerung.<\/p><p>Nachgeburtsbestattungen erfolgten meist in allt\u00e4glichen Haushaltswaren wie den damals weitverbreiteten einhenkeligen T\u00f6pfen. Ru\u00dfspuren an der Oberfl\u00e4che lassen erkennen, dass die verwendeten Gef\u00e4\u00dfe meist bereits im Haushalt genutzt worden waren. Nur in wenigen F\u00e4llen, wie zum Beispiel bei Anwesenheit von Initialen, k\u00f6nnte es sich um neuwertige T\u00f6pfe gehandelt haben. Dass es sich bei den gefundenen Gef\u00e4\u00dfen tats\u00e4chlich um Nachgeburtst\u00f6pfe handelt, konnte durch chemische Analysen, die die Anwesenheit von \u00d6strogen und besonders auch von 17-\u03b2-Estradiol nachwiesen, best\u00e4tigt werden.<\/p><p>In ihrem Vortrag ging Frau Dalacker besonders auf zwei Ausgrabungen in Entringen und Bodelshausen ein. Hier wurde in den Kellern jeweils eine ganze Reihe von Nachgeburtst\u00f6pfen gefunden. In Entringen konnten die Fundst\u00fccke drei Phasen zugeordnet werden, wobei die erste auf um 1500 und die letzte auf das 18. Jahrhundert datiert werden konnten. Die T\u00f6pfe wurden \u00fcberwiegend entlang der W\u00e4nde oder in den Ecken des Kellers senkrecht stehend, liegend, oder auch mit der \u00d6ffnung nach unten vergraben. Die Gef\u00e4\u00df\u00f6ffnung war meist mit einem Deckel, Steinen o.\u00e4. abgedeckt, wobei nicht auszuschlie\u00dfen ist, dass die ohne Abdeckung aufgefundenen Gef\u00e4\u00dfe urspr\u00fcnglich mit Holz, Stoff oder einem anderen verg\u00e4nglichen Material bedeckt waren.<\/p><p>Frau Dalacker ging auch auf die schriftliche \u00dcberlieferungslage ein und erkl\u00e4rte, dass diese, vermutlich themabedingt, sehr sp\u00e4rlich sei. So findet sich der \u00e4lteste schriftliche Nachweis f\u00fcr die Nachgeburtsbestattung in einem 1517 erschienenen Buch des Predigers Geiler von Keysersberg, der das Vergraben der Nachgeburt unter einer Treppe, also an einem dunklen und verborgenen Ort, empfiehlt. Es folgten dann die evangelischen Hebammenverordnungen aus dem 16. Jahrhundert, die ebenfalls das Vergraben der Nachgeburt empfahlen, wohl auch mit dem Ziel, den Alltag zu \u201everkirchlichen\u201c und sich so von Magie und Zauberei zu distanzieren. Dies ist wahrscheinlich auch der Grund daf\u00fcr, dass die Verbreitung der Nachgeburtsbestattungen in Baden-W\u00fcrttemberg im Wesentlichen auf protestantische Gebiete begrenzt war.<\/p><p>In der Zeit zwischen Geburt und Taufe bzw. Aussegnung der W\u00f6chnerin wurden Mutter und Kind als durch b\u00f6se M\u00e4chte besonders bedroht angesehen, eventuell bedingt auch durch die hohe S\u00e4uglingssterblichkeit. Die Bestattung der Nachgeburt an einem dunklen Ort erfolgte daher m\u00f6glicherweise mit dem Ziel, diese vor dem Zugriff von Hexen und b\u00f6sen Wesen, die mit Hilfe der Nachgeburt Schadenszauber auf Mutter und Kind bringen k\u00f6nnten, zu sch\u00fctzen. Andererseits galt die Nachgeburt in den H\u00e4nden von \u201eWissenden\u201c auch als segenskr\u00e4ftig und heilig.<\/p><p>Im Anschluss an ihre Ausf\u00fchrungen zu den Nachgeburtsbestattungen ging Frau Dalacker noch auf die vor allem aus der Schweiz bekannten \u201eFl\u00e4mmli\u201c ein, bei denen es sich um tropfenf\u00f6rmige Brandspuren in H\u00e4usern handelt. Entsprechende Versuche legen nahe, dass diese Brandspuren mit Absicht angelegt worden sind. Allerdings sind bis heute weder Zweck noch Entstehung bekannt. \u00dcber Hinweise hierzu w\u00e4re Frau Dalacker dankbar.<\/p><p>Der Vortrag von Frau Dalacker stie\u00df bei den Anwesenden auf gro\u00dfes Interesse, was an den zahlreichen Fragen und einem regen Austausch zu erkennen war.<\/p><h4>Weitere Details finden Sie in einer Ver\u00f6ffentlichung von Frau Dalacker in \u201eDenkmalpflege in Baden-W\u00fcrttemberg\u201c, Nachrichtenblatt der Denkmalpflege, Heft 4\/2017 (im Internet kostenlos abrufbar unter <span style=\"color: #0000ff;\"><a style=\"color: #0000ff; text-decoration: underline;\" href=\"https:\/\/doi.org\/10.11588\/nbdpfbw.2017.4\">https:\/\/doi.org\/10.11588\/nbdpfbw.2017.4<\/a><\/span>).<\/h4>\t\t\t\t\t\t\t\t<\/div>\n\t\t\t\t<\/div>\n\t\t\t\t<div class=\"elementor-element elementor-element-5d50c49 elementor-button-info elementor-widget__width-auto elementor-widget elementor-widget-button\" data-id=\"5d50c49\" data-element_type=\"widget\" data-e-type=\"widget\" data-widget_type=\"button.default\">\n\t\t\t\t<div class=\"elementor-widget-container\">\n\t\t\t\t\t<span id=5d50c49><\/span>\t\t\t\t<div class=\"elementor-button-wrapper\">\n\t\t\t\t\t<a class=\"elementor-button elementor-button-link elementor-size-sm\" href=\"https:\/\/steinhauerstube.de\/CMS\/wp-content\/uploads\/2020\/10\/2020.09.24-print-BN.pdf\">\n\t\t\t\t\t\t<span class=\"elementor-button-content-wrapper\">\n\t\t\t\t\t\t<span class=\"elementor-button-icon\">\n\t\t\t\t<i aria-hidden=\"true\" class=\"far fa-newspaper\"><\/i>\t\t\t<\/span>\n\t\t\t\t\t\t\t\t\t<span class=\"elementor-button-text\">Brettener Nachrichten vom 24.9.2020<\/span>\n\t\t\t\t\t<\/span>\n\t\t\t\t\t<\/a>\n\t\t\t\t<\/div>\n\t\t\t\t\t\t\t\t<\/div>\n\t\t\t\t<\/div>\n\t\t\t\t<div class=\"elementor-element elementor-element-abb0632 elementor-widget elementor-widget-spacer\" data-id=\"abb0632\" data-element_type=\"widget\" data-e-type=\"widget\" data-widget_type=\"spacer.default\">\n\t\t\t\t<div class=\"elementor-widget-container\">\n\t\t\t\t\t<span id=abb0632><\/span>\t\t<div class=\"elementor-spacer\">\n\t\t\t<div class=\"elementor-spacer-inner\"><\/div>\n\t\t<\/div>\n\t\t\t\t\t\t<\/div>\n\t\t\t\t<\/div>\n\t\t\t\t\t<\/div>\n\t\t<\/div>\n\t\t\t\t\t<\/div>\n\t\t<\/section>\n\t\t\t\t<\/div>\n\t\t","protected":false},"excerpt":{"rendered":"<p>Das Begleitprogramm zur Sonderausstellung Vortrag am 22.September 2020: Vergraben \u2013 verwahrt \u2013 verborgen: Nachgeburtst\u00f6pfe als arch\u00e4ologische Zeugnisse fr\u00fchzeitlicher Glaubenswelten Zur\u00fcck Weiter Vortrag von Svenja Dalacker, Universit\u00e4t T\u00fcbingen Vergraben \u2013 verwahrt \u2013 verborgen: Nachgeburtst\u00f6pfe als arch\u00e4ologische Zeugnisse lautete der Titel des Vortrags von Frau Svenja Dalacker M.A. am Dienstag, den 22. September 2020, zu dem die [&hellip;]<\/p>\n","protected":false},"author":1,"featured_media":0,"parent":0,"menu_order":0,"comment_status":"closed","ping_status":"closed","template":"elementor_header_footer","meta":{"ocean_post_layout":"full-screen","ocean_both_sidebars_style":"","ocean_both_sidebars_content_width":0,"ocean_both_sidebars_sidebars_width":0,"ocean_sidebar":"0","ocean_second_sidebar":"0","ocean_disable_margins":"enable","ocean_add_body_class":"","ocean_shortcode_before_top_bar":"","ocean_shortcode_after_top_bar":"","ocean_shortcode_before_header":"","ocean_shortcode_after_header":"","ocean_has_shortcode":"","ocean_shortcode_after_title":"","ocean_shortcode_before_footer_widgets":"","ocean_shortcode_after_footer_widgets":"","ocean_shortcode_before_footer_bottom":"","ocean_shortcode_after_footer_bottom":"","ocean_display_top_bar":"default","ocean_display_header":"default","ocean_header_style":"","ocean_center_header_left_menu":"0","ocean_custom_header_template":"0","ocean_custom_logo":0,"ocean_custom_retina_logo":0,"ocean_custom_logo_max_width":0,"ocean_custom_logo_tablet_max_width":0,"ocean_custom_logo_mobile_max_width":0,"ocean_custom_logo_max_height":0,"ocean_custom_logo_tablet_max_height":0,"ocean_custom_logo_mobile_max_height":0,"ocean_header_custom_menu":"0","ocean_menu_typo_font_family":"0","ocean_menu_typo_font_subset":"","ocean_menu_typo_font_size":0,"ocean_menu_typo_font_size_tablet":0,"ocean_menu_typo_font_size_mobile":0,"ocean_menu_typo_font_size_unit":"px","ocean_menu_typo_font_weight":"","ocean_menu_typo_font_weight_tablet":"","ocean_menu_typo_font_weight_mobile":"","ocean_menu_typo_transform":"","ocean_menu_typo_transform_tablet":"","ocean_menu_typo_transform_mobile":"","ocean_menu_typo_line_height":0,"ocean_menu_typo_line_height_tablet":0,"ocean_menu_typo_line_height_mobile":0,"ocean_menu_typo_line_height_unit":"","ocean_menu_typo_spacing":0,"ocean_menu_typo_spacing_tablet":0,"ocean_menu_typo_spacing_mobile":0,"ocean_menu_typo_spacing_unit":"","ocean_menu_link_color":"","ocean_menu_link_color_hover":"","ocean_menu_link_color_active":"","ocean_menu_link_background":"","ocean_menu_link_hover_background":"","ocean_menu_link_active_background":"","ocean_menu_social_links_bg":"","ocean_menu_social_hover_links_bg":"","ocean_menu_social_links_color":"","ocean_menu_social_hover_links_color":"","ocean_disable_title":"on","ocean_disable_heading":"default","ocean_post_title":"","ocean_post_subheading":"","ocean_post_title_style":"","ocean_post_title_background_color":"","ocean_post_title_background":0,"ocean_post_title_bg_image_position":"","ocean_post_title_bg_image_attachment":"","ocean_post_title_bg_image_repeat":"","ocean_post_title_bg_image_size":"","ocean_post_title_height":0,"ocean_post_title_bg_overlay":0.5,"ocean_post_title_bg_overlay_color":"","ocean_disable_breadcrumbs":"default","ocean_breadcrumbs_color":"","ocean_breadcrumbs_separator_color":"","ocean_breadcrumbs_links_color":"","ocean_breadcrumbs_links_hover_color":"","ocean_display_footer_widgets":"default","ocean_display_footer_bottom":"default","ocean_custom_footer_template":"0","footnotes":""},"class_list":["post-805","page","type-page","status-publish","hentry","entry"],"_links":{"self":[{"href":"https:\/\/steinhauerstube.de\/CMS\/wp-json\/wp\/v2\/pages\/805","targetHints":{"allow":["GET"]}}],"collection":[{"href":"https:\/\/steinhauerstube.de\/CMS\/wp-json\/wp\/v2\/pages"}],"about":[{"href":"https:\/\/steinhauerstube.de\/CMS\/wp-json\/wp\/v2\/types\/page"}],"author":[{"embeddable":true,"href":"https:\/\/steinhauerstube.de\/CMS\/wp-json\/wp\/v2\/users\/1"}],"replies":[{"embeddable":true,"href":"https:\/\/steinhauerstube.de\/CMS\/wp-json\/wp\/v2\/comments?post=805"}],"version-history":[{"count":33,"href":"https:\/\/steinhauerstube.de\/CMS\/wp-json\/wp\/v2\/pages\/805\/revisions"}],"predecessor-version":[{"id":1176,"href":"https:\/\/steinhauerstube.de\/CMS\/wp-json\/wp\/v2\/pages\/805\/revisions\/1176"}],"wp:attachment":[{"href":"https:\/\/steinhauerstube.de\/CMS\/wp-json\/wp\/v2\/media?parent=805"}],"curies":[{"name":"wp","href":"https:\/\/api.w.org\/{rel}","templated":true}]}}