{"id":418,"date":"2020-06-03T14:31:23","date_gmt":"2020-06-03T12:31:23","guid":{"rendered":"https:\/\/steinhauerstube.de\/CMS\/?page_id=418"},"modified":"2020-06-16T09:35:26","modified_gmt":"2020-06-16T07:35:26","slug":"zar2-unwetterkanonen","status":"publish","type":"page","link":"https:\/\/steinhauerstube.de\/CMS\/zar2-unwetterkanonen\/","title":{"rendered":"ZAR2-Unwetterkanonen"},"content":{"rendered":"\t\t<div data-elementor-type=\"wp-page\" data-elementor-id=\"418\" class=\"elementor elementor-418\">\n\t\t\t\t\t\t<section class=\"elementor-section elementor-top-section elementor-element elementor-element-68f17d5 elementor-section-boxed elementor-section-height-default elementor-section-height-default\" data-id=\"68f17d5\" data-element_type=\"section\" data-e-type=\"section\" data-settings=\"{&quot;shape_divider_top&quot;:&quot;book&quot;,&quot;shape_divider_top_negative&quot;:&quot;yes&quot;}\">\n\t\t\t\t\t<div class=\"elementor-shape elementor-shape-top\" aria-hidden=\"true\" data-negative=\"true\">\n\t\t\t<svg xmlns=\"http:\/\/www.w3.org\/2000\/svg\" viewBox=\"0 0 1000 100\" preserveAspectRatio=\"none\">\n\t<path class=\"elementor-shape-fill\" d=\"M806,94.7C619.5,90,500,20.3,500,1.7c-1,18.6-117.5,88.3-306,93C92,97.2,0,97.9,0,97.9v-0l0,0v2.3h1000v-2.3 C1000,97.7,920.3,97.6,806,94.7z M350,65.1L350,65.1L350,65.1L350,65.1z\"\/>\n<\/svg>\n\t\t<\/div>\n\t\t\t\t\t<div class=\"elementor-container elementor-column-gap-default\">\n\t\t\t\t\t<div class=\"elementor-column elementor-col-100 elementor-top-column elementor-element elementor-element-3401f7f\" data-id=\"3401f7f\" data-element_type=\"column\" data-e-type=\"column\">\n\t\t\t<div class=\"elementor-widget-wrap elementor-element-populated\">\n\t\t\t\t\t\t<div class=\"elementor-element elementor-element-46c158b elementor-widget elementor-widget-spacer\" data-id=\"46c158b\" data-element_type=\"widget\" data-e-type=\"widget\" data-widget_type=\"spacer.default\">\n\t\t\t\t<div class=\"elementor-widget-container\">\n\t\t\t\t\t<span id=46c158b><\/span>\t\t<div class=\"elementor-spacer\">\n\t\t\t<div class=\"elementor-spacer-inner\"><\/div>\n\t\t<\/div>\n\t\t\t\t\t\t<\/div>\n\t\t\t\t<\/div>\n\t\t\t\t\t<\/div>\n\t\t<\/div>\n\t\t\t\t\t<\/div>\n\t\t<\/section>\n\t\t\t\t<section class=\"elementor-section elementor-top-section elementor-element elementor-element-52c8785 elementor-section-boxed elementor-section-height-default elementor-section-height-default\" data-id=\"52c8785\" data-element_type=\"section\" data-e-type=\"section\">\n\t\t\t\t\t\t<div class=\"elementor-container elementor-column-gap-default\">\n\t\t\t\t\t<div class=\"elementor-column elementor-col-100 elementor-top-column elementor-element elementor-element-75157e0\" data-id=\"75157e0\" data-element_type=\"column\" data-e-type=\"column\">\n\t\t\t<div class=\"elementor-widget-wrap elementor-element-populated\">\n\t\t\t\t\t\t<div class=\"elementor-element elementor-element-3b1e61a elementor-widget elementor-widget-heading\" data-id=\"3b1e61a\" data-element_type=\"widget\" data-e-type=\"widget\" data-widget_type=\"heading.default\">\n\t\t\t\t<div class=\"elementor-widget-container\">\n\t\t\t\t\t<span id=3b1e61a><\/span><h1 class=\"elementor-heading-title elementor-size-default\">Zentraler Ausstellungsraum: Unwetterkanonen<\/h1>\t\t\t\t<\/div>\n\t\t\t\t<\/div>\n\t\t\t\t\t<\/div>\n\t\t<\/div>\n\t\t\t\t\t<\/div>\n\t\t<\/section>\n\t\t\t\t<section class=\"elementor-section elementor-top-section elementor-element elementor-element-37641ec elementor-section-boxed elementor-section-height-default elementor-section-height-default\" data-id=\"37641ec\" data-element_type=\"section\" data-e-type=\"section\">\n\t\t\t\t\t\t<div class=\"elementor-container elementor-column-gap-default\">\n\t\t\t\t\t<div class=\"elementor-column elementor-col-100 elementor-top-column elementor-element elementor-element-59abbb9\" data-id=\"59abbb9\" data-element_type=\"column\" data-e-type=\"column\">\n\t\t\t<div class=\"elementor-widget-wrap elementor-element-populated\">\n\t\t\t\t\t\t<div class=\"elementor-element elementor-element-c8de4c9 elementor-widget elementor-widget-image\" data-id=\"c8de4c9\" data-element_type=\"widget\" data-e-type=\"widget\" data-widget_type=\"image.default\">\n\t\t\t\t<div class=\"elementor-widget-container\">\n\t\t\t\t\t<span id=c8de4c9><\/span>\t\t\t\t\t\t\t\t\t\t<img fetchpriority=\"high\" decoding=\"async\" width=\"1500\" height=\"423\" src=\"https:\/\/steinhauerstube.de\/CMS\/wp-content\/uploads\/2020\/06\/ZAR2-Bauopfer-Kopfgrafik.jpg\" class=\"attachment-full size-full wp-image-420\" alt=\"Steinhauerstube Maulbronn Schmie zentraler Ausstellungsraum 2 Unwetterkanonen und Bauopfer\" srcset=\"https:\/\/steinhauerstube.de\/CMS\/wp-content\/uploads\/2020\/06\/ZAR2-Bauopfer-Kopfgrafik.jpg 1500w, https:\/\/steinhauerstube.de\/CMS\/wp-content\/uploads\/2020\/06\/ZAR2-Bauopfer-Kopfgrafik-300x85.jpg 300w, https:\/\/steinhauerstube.de\/CMS\/wp-content\/uploads\/2020\/06\/ZAR2-Bauopfer-Kopfgrafik-1024x289.jpg 1024w, https:\/\/steinhauerstube.de\/CMS\/wp-content\/uploads\/2020\/06\/ZAR2-Bauopfer-Kopfgrafik-768x217.jpg 768w\" sizes=\"(max-width: 1500px) 100vw, 1500px\" \/>\t\t\t\t\t\t\t\t\t\t\t\t\t\t\t<\/div>\n\t\t\t\t<\/div>\n\t\t\t\t\t<\/div>\n\t\t<\/div>\n\t\t\t\t\t<\/div>\n\t\t<\/section>\n\t\t\t\t<section class=\"elementor-section elementor-top-section elementor-element elementor-element-092d5eb elementor-section-boxed elementor-section-height-default elementor-section-height-default\" data-id=\"092d5eb\" data-element_type=\"section\" data-e-type=\"section\">\n\t\t\t\t\t\t<div class=\"elementor-container elementor-column-gap-default\">\n\t\t\t\t\t<div class=\"elementor-column elementor-col-100 elementor-top-column elementor-element elementor-element-3133a97\" data-id=\"3133a97\" data-element_type=\"column\" data-e-type=\"column\">\n\t\t\t<div class=\"elementor-widget-wrap elementor-element-populated\">\n\t\t\t\t\t\t<div class=\"elementor-element elementor-element-cbc8847 elementor-widget elementor-widget-spacer\" data-id=\"cbc8847\" data-element_type=\"widget\" data-e-type=\"widget\" data-widget_type=\"spacer.default\">\n\t\t\t\t<div class=\"elementor-widget-container\">\n\t\t\t\t\t<span id=cbc8847><\/span>\t\t<div class=\"elementor-spacer\">\n\t\t\t<div class=\"elementor-spacer-inner\"><\/div>\n\t\t<\/div>\n\t\t\t\t\t\t<\/div>\n\t\t\t\t<\/div>\n\t\t\t\t\t<\/div>\n\t\t<\/div>\n\t\t\t\t\t<\/div>\n\t\t<\/section>\n\t\t\t\t<section class=\"elementor-section elementor-top-section elementor-element elementor-element-8a3707b elementor-section-boxed elementor-section-height-default elementor-section-height-default\" data-id=\"8a3707b\" data-element_type=\"section\" data-e-type=\"section\">\n\t\t\t\t\t\t<div class=\"elementor-container elementor-column-gap-default\">\n\t\t\t\t\t<div class=\"elementor-column elementor-col-100 elementor-top-column elementor-element elementor-element-e16a74e\" data-id=\"e16a74e\" data-element_type=\"column\" data-e-type=\"column\">\n\t\t\t<div class=\"elementor-widget-wrap elementor-element-populated\">\n\t\t\t\t\t\t<div class=\"elementor-element elementor-element-bd8191b elementor-widget elementor-widget-image\" data-id=\"bd8191b\" data-element_type=\"widget\" data-e-type=\"widget\" data-widget_type=\"image.default\">\n\t\t\t\t<div class=\"elementor-widget-container\">\n\t\t\t\t\t<span id=bd8191b><\/span>\t\t\t\t\t\t\t\t\t\t\t<a href=\"https:\/\/steinhauerstube.de\/CMS\/wp-content\/uploads\/2020\/06\/ZAR2-Unwetterkanonen.png\" data-elementor-open-lightbox=\"yes\" data-elementor-lightbox-title=\"ZAR2-Unwetterkanonen\" data-elementor-lightbox-description=\"Steinhauerstube Maulbronn Schmie zentraler Ausstellungsraum 2 Unwetterkanonen\" data-e-action-hash=\"#elementor-action%3Aaction%3Dlightbox%26settings%3DeyJpZCI6NDIyLCJ1cmwiOiJodHRwczpcL1wvc3RlaW5oYXVlcnN0dWJlLmRlXC9DTVNcL3dwLWNvbnRlbnRcL3VwbG9hZHNcLzIwMjBcLzA2XC9aQVIyLVVud2V0dGVya2Fub25lbi5wbmcifQ%3D%3D\">\n\t\t\t\t\t\t\t<img decoding=\"async\" src=\"https:\/\/steinhauerstube.de\/CMS\/wp-content\/uploads\/elementor\/thumbs\/ZAR2-Unwetterkanonen-oqh2oentnorpvi3fqd306iv2xxwt6ny46snb1f4we8.png\" title=\"ZAR2-Unwetterkanonen\" alt=\"Steinhauerstube Maulbronn Schmie zentraler Ausstellungsraum 2 Unwetterkanonen\" loading=\"lazy\" \/>\t\t\t\t\t\t\t\t<\/a>\n\t\t\t\t\t\t\t\t\t\t\t\t\t\t\t<\/div>\n\t\t\t\t<\/div>\n\t\t\t\t\t<\/div>\n\t\t<\/div>\n\t\t\t\t\t<\/div>\n\t\t<\/section>\n\t\t\t\t<section class=\"elementor-section elementor-top-section elementor-element elementor-element-423664e elementor-section-boxed elementor-section-height-default elementor-section-height-default\" data-id=\"423664e\" data-element_type=\"section\" data-e-type=\"section\">\n\t\t\t\t\t\t<div class=\"elementor-container elementor-column-gap-default\">\n\t\t\t\t\t<div class=\"elementor-column elementor-col-100 elementor-top-column elementor-element elementor-element-83671d6\" data-id=\"83671d6\" data-element_type=\"column\" data-e-type=\"column\">\n\t\t\t<div class=\"elementor-widget-wrap elementor-element-populated\">\n\t\t\t\t\t\t<div class=\"elementor-element elementor-element-cdd045e elementor-widget elementor-widget-text-editor\" data-id=\"cdd045e\" data-element_type=\"widget\" data-e-type=\"widget\" data-widget_type=\"text-editor.default\">\n\t\t\t\t<div class=\"elementor-widget-container\">\n\t\t\t\t\t<span id=cdd045e><\/span>\t\t\t\t<p><strong>B\u00f6llerkanonen zum Wetterschie\u00dfen, 18. Jh.<\/strong><\/p><p>Im europ\u00e4ischen Raum findet man an vielen Orten Wetterkreuze und Wetterkirchen, vornehmlich auf Bergr\u00fccken, von wo aus Unwetter gern heranziehen. Das Wetterl\u00e4uten, wobei Kirchenglocken gel\u00e4utet wurden, war eine verbreitete Praxis. Die Kreuze und Glocken mussten von Zeit zu Zeit neu geweiht werden, damit sie ihre Kraft nicht verl\u00f6ren. Man dachte sich, wenn der Schall von Glocken schon Wetterwolken vertreiben k\u00f6nnte, um wieviel wirksamer muss da der Schuss aus einer Waffe sein; gerade in Verbindung mit geweihtem Pulver oder Projektilen. Kirche und Volksglaube waren der Ansicht, dass Wetterhexen oder Wetterd\u00e4monen f\u00fcr Unwetter verantwortlich seien. In Sagen und Gedankenwelten manifestieren sich die Wetter machenden D\u00e4monen auch physisch. Die Menschen waren \u00fcberzeugt, dass man sie durch gezielte Sch\u00fcsse aus dem Himmel herunterholen k\u00f6nnte oder sie durch Geb\u00f6ller aus den Wolken geschleudert w\u00fcrden. Diese Geschichten hielten sich durch Berichte, nach denen beispielsweise ein beringter Finger aus den Wolken gefallen sei. Die Menschen versuchten, auf Geruch- oder Geh\u00f6rsinn der Wetterd\u00e4monen direkt einzuwirken und sie dadurch zu vertreiben. Waffen, wie zum Beispiel Armbr\u00fcste und deren Pfeile oder sp\u00e4ter B\u00fcchsen, wurden oftmals direkt vor dem Gebrauch vom Pfarrer gesegnet. Es kam auch vor, dass die Kirchenm\u00e4nner selbst schossen. Geschossen wurde oft mit geweihtem Pulver und Munition, auch mit Wachskugeln, in die Kreuze geritzt waren, oder selbst mit alten Hufn\u00e4geln. Manchmal wurden auch bei jedem Schuss Namen gerufen, und wenn dabei der Name einer Wetterhexe erraten wurde, fiel sie tot aus den Wolken, so hie\u00df es.<\/p><p>Das Schie\u00dfen aus Aberglaube verlor sich allm\u00e4hlich im Laufe des 18. Jh.<\/p>\t\t\t\t\t\t\t\t<\/div>\n\t\t\t\t<\/div>\n\t\t\t\t\t<\/div>\n\t\t<\/div>\n\t\t\t\t\t<\/div>\n\t\t<\/section>\n\t\t\t\t<section class=\"elementor-section elementor-top-section elementor-element elementor-element-1b40c5c elementor-section-boxed elementor-section-height-default elementor-section-height-default\" data-id=\"1b40c5c\" data-element_type=\"section\" data-e-type=\"section\">\n\t\t\t\t\t\t<div class=\"elementor-container elementor-column-gap-default\">\n\t\t\t\t\t<div class=\"elementor-column elementor-col-100 elementor-top-column elementor-element elementor-element-b2ee6ef\" data-id=\"b2ee6ef\" data-element_type=\"column\" data-e-type=\"column\">\n\t\t\t<div class=\"elementor-widget-wrap elementor-element-populated\">\n\t\t\t\t\t\t<div class=\"elementor-element elementor-element-88e54e1 elementor-widget elementor-widget-button\" data-id=\"88e54e1\" data-element_type=\"widget\" data-e-type=\"widget\" data-widget_type=\"button.default\">\n\t\t\t\t<div class=\"elementor-widget-container\">\n\t\t\t\t\t<span id=88e54e1><\/span>\t\t\t\t<div class=\"elementor-button-wrapper\">\n\t\t\t\t\t<a class=\"elementor-button elementor-button-link elementor-size-sm\" href=\"https:\/\/steinhauerstube.de\/CMS\/zar-uebersicht\/\">\n\t\t\t\t\t\t<span class=\"elementor-button-content-wrapper\">\n\t\t\t\t\t\t\t\t\t<span class=\"elementor-button-text\">zur\u00fcck zum zentralen Ausstellungsraum<\/span>\n\t\t\t\t\t<\/span>\n\t\t\t\t\t<\/a>\n\t\t\t\t<\/div>\n\t\t\t\t\t\t\t\t<\/div>\n\t\t\t\t<\/div>\n\t\t\t\t\t<\/div>\n\t\t<\/div>\n\t\t\t\t\t<\/div>\n\t\t<\/section>\n\t\t\t\t<section class=\"elementor-section elementor-top-section elementor-element elementor-element-5cba165 elementor-section-boxed elementor-section-height-default elementor-section-height-default\" data-id=\"5cba165\" data-element_type=\"section\" data-e-type=\"section\">\n\t\t\t\t\t\t<div class=\"elementor-container elementor-column-gap-default\">\n\t\t\t\t\t<div class=\"elementor-column elementor-col-100 elementor-top-column elementor-element elementor-element-0d727f9\" data-id=\"0d727f9\" data-element_type=\"column\" data-e-type=\"column\">\n\t\t\t<div class=\"elementor-widget-wrap elementor-element-populated\">\n\t\t\t\t\t\t<div class=\"elementor-element elementor-element-7fc260e elementor-widget elementor-widget-button\" data-id=\"7fc260e\" data-element_type=\"widget\" data-e-type=\"widget\" data-widget_type=\"button.default\">\n\t\t\t\t<div class=\"elementor-widget-container\">\n\t\t\t\t\t<span id=7fc260e><\/span>\t\t\t\t<div class=\"elementor-button-wrapper\">\n\t\t\t\t\t<a class=\"elementor-button elementor-button-link elementor-size-sm\" href=\"https:\/\/steinhauerstube.de\/CMS\/uebersicht\/\">\n\t\t\t\t\t\t<span class=\"elementor-button-content-wrapper\">\n\t\t\t\t\t\t\t\t\t<span class=\"elementor-button-text\">zur\u00fcck zur Ausstellungs\u00fcbersicht<\/span>\n\t\t\t\t\t<\/span>\n\t\t\t\t\t<\/a>\n\t\t\t\t<\/div>\n\t\t\t\t\t\t\t\t<\/div>\n\t\t\t\t<\/div>\n\t\t\t\t\t<\/div>\n\t\t<\/div>\n\t\t\t\t\t<\/div>\n\t\t<\/section>\n\t\t\t\t<section class=\"elementor-section elementor-top-section elementor-element elementor-element-f78599b elementor-section-boxed elementor-section-height-default elementor-section-height-default\" data-id=\"f78599b\" data-element_type=\"section\" data-e-type=\"section\" data-settings=\"{&quot;shape_divider_bottom&quot;:&quot;book&quot;}\">\n\t\t\t\t\t<div class=\"elementor-shape elementor-shape-bottom\" aria-hidden=\"true\" data-negative=\"false\">\n\t\t\t<svg xmlns=\"http:\/\/www.w3.org\/2000\/svg\" viewBox=\"0 0 1000 100\" preserveAspectRatio=\"none\">\n\t<path class=\"elementor-shape-fill\" d=\"M194,99c186.7,0.7,305-78.3,306-97.2c1,18.9,119.3,97.9,306,97.2c114.3-0.3,194,0.3,194,0.3s0-91.7,0-100c0,0,0,0,0-0 L0,0v99.3C0,99.3,79.7,98.7,194,99z\"\/>\n<\/svg>\t\t<\/div>\n\t\t\t\t\t<div class=\"elementor-container elementor-column-gap-default\">\n\t\t\t\t\t<div class=\"elementor-column elementor-col-100 elementor-top-column elementor-element elementor-element-81c4501\" data-id=\"81c4501\" data-element_type=\"column\" data-e-type=\"column\">\n\t\t\t<div class=\"elementor-widget-wrap elementor-element-populated\">\n\t\t\t\t\t\t<div class=\"elementor-element elementor-element-abb0632 elementor-widget elementor-widget-spacer\" data-id=\"abb0632\" data-element_type=\"widget\" data-e-type=\"widget\" data-widget_type=\"spacer.default\">\n\t\t\t\t<div class=\"elementor-widget-container\">\n\t\t\t\t\t<span id=abb0632><\/span>\t\t<div class=\"elementor-spacer\">\n\t\t\t<div class=\"elementor-spacer-inner\"><\/div>\n\t\t<\/div>\n\t\t\t\t\t\t<\/div>\n\t\t\t\t<\/div>\n\t\t\t\t\t<\/div>\n\t\t<\/div>\n\t\t\t\t\t<\/div>\n\t\t<\/section>\n\t\t\t\t<\/div>\n\t\t","protected":false},"excerpt":{"rendered":"<p>Zentraler Ausstellungsraum: Unwetterkanonen B\u00f6llerkanonen zum Wetterschie\u00dfen, 18. Jh. Im europ\u00e4ischen Raum findet man an vielen Orten Wetterkreuze und Wetterkirchen, vornehmlich auf Bergr\u00fccken, von wo aus Unwetter gern heranziehen. Das Wetterl\u00e4uten, wobei Kirchenglocken gel\u00e4utet wurden, war eine verbreitete Praxis. Die Kreuze und Glocken mussten von Zeit zu Zeit neu geweiht werden, damit sie ihre Kraft nicht [&hellip;]<\/p>\n","protected":false},"author":1,"featured_media":0,"parent":0,"menu_order":0,"comment_status":"closed","ping_status":"closed","template":"elementor_header_footer","meta":{"ocean_post_layout":"full-screen","ocean_both_sidebars_style":"","ocean_both_sidebars_content_width":0,"ocean_both_sidebars_sidebars_width":0,"ocean_sidebar":"0","ocean_second_sidebar":"0","ocean_disable_margins":"enable","ocean_add_body_class":"","ocean_shortcode_before_top_bar":"","ocean_shortcode_after_top_bar":"","ocean_shortcode_before_header":"","ocean_shortcode_after_header":"","ocean_has_shortcode":"","ocean_shortcode_after_title":"","ocean_shortcode_before_footer_widgets":"","ocean_shortcode_after_footer_widgets":"","ocean_shortcode_before_footer_bottom":"","ocean_shortcode_after_footer_bottom":"","ocean_display_top_bar":"default","ocean_display_header":"default","ocean_header_style":"","ocean_center_header_left_menu":"0","ocean_custom_header_template":"0","ocean_custom_logo":0,"ocean_custom_retina_logo":0,"ocean_custom_logo_max_width":0,"ocean_custom_logo_tablet_max_width":0,"ocean_custom_logo_mobile_max_width":0,"ocean_custom_logo_max_height":0,"ocean_custom_logo_tablet_max_height":0,"ocean_custom_logo_mobile_max_height":0,"ocean_header_custom_menu":"0","ocean_menu_typo_font_family":"0","ocean_menu_typo_font_subset":"","ocean_menu_typo_font_size":0,"ocean_menu_typo_font_size_tablet":0,"ocean_menu_typo_font_size_mobile":0,"ocean_menu_typo_font_size_unit":"px","ocean_menu_typo_font_weight":"","ocean_menu_typo_font_weight_tablet":"","ocean_menu_typo_font_weight_mobile":"","ocean_menu_typo_transform":"","ocean_menu_typo_transform_tablet":"","ocean_menu_typo_transform_mobile":"","ocean_menu_typo_line_height":0,"ocean_menu_typo_line_height_tablet":0,"ocean_menu_typo_line_height_mobile":0,"ocean_menu_typo_line_height_unit":"","ocean_menu_typo_spacing":0,"ocean_menu_typo_spacing_tablet":0,"ocean_menu_typo_spacing_mobile":0,"ocean_menu_typo_spacing_unit":"","ocean_menu_link_color":"","ocean_menu_link_color_hover":"","ocean_menu_link_color_active":"","ocean_menu_link_background":"","ocean_menu_link_hover_background":"","ocean_menu_link_active_background":"","ocean_menu_social_links_bg":"","ocean_menu_social_hover_links_bg":"","ocean_menu_social_links_color":"","ocean_menu_social_hover_links_color":"","ocean_disable_title":"on","ocean_disable_heading":"default","ocean_post_title":"","ocean_post_subheading":"","ocean_post_title_style":"","ocean_post_title_background_color":"","ocean_post_title_background":0,"ocean_post_title_bg_image_position":"","ocean_post_title_bg_image_attachment":"","ocean_post_title_bg_image_repeat":"","ocean_post_title_bg_image_size":"","ocean_post_title_height":0,"ocean_post_title_bg_overlay":0.5,"ocean_post_title_bg_overlay_color":"","ocean_disable_breadcrumbs":"default","ocean_breadcrumbs_color":"","ocean_breadcrumbs_separator_color":"","ocean_breadcrumbs_links_color":"","ocean_breadcrumbs_links_hover_color":"","ocean_display_footer_widgets":"default","ocean_display_footer_bottom":"default","ocean_custom_footer_template":"0","footnotes":""},"class_list":["post-418","page","type-page","status-publish","hentry","entry"],"_links":{"self":[{"href":"https:\/\/steinhauerstube.de\/CMS\/wp-json\/wp\/v2\/pages\/418","targetHints":{"allow":["GET"]}}],"collection":[{"href":"https:\/\/steinhauerstube.de\/CMS\/wp-json\/wp\/v2\/pages"}],"about":[{"href":"https:\/\/steinhauerstube.de\/CMS\/wp-json\/wp\/v2\/types\/page"}],"author":[{"embeddable":true,"href":"https:\/\/steinhauerstube.de\/CMS\/wp-json\/wp\/v2\/users\/1"}],"replies":[{"embeddable":true,"href":"https:\/\/steinhauerstube.de\/CMS\/wp-json\/wp\/v2\/comments?post=418"}],"version-history":[{"count":5,"href":"https:\/\/steinhauerstube.de\/CMS\/wp-json\/wp\/v2\/pages\/418\/revisions"}],"predecessor-version":[{"id":738,"href":"https:\/\/steinhauerstube.de\/CMS\/wp-json\/wp\/v2\/pages\/418\/revisions\/738"}],"wp:attachment":[{"href":"https:\/\/steinhauerstube.de\/CMS\/wp-json\/wp\/v2\/media?parent=418"}],"curies":[{"name":"wp","href":"https:\/\/api.w.org\/{rel}","templated":true}]}}