{"id":298,"date":"2020-06-01T14:42:53","date_gmt":"2020-06-01T12:42:53","guid":{"rendered":"https:\/\/steinhauerstube.de\/CMS\/?page_id=298"},"modified":"2024-04-21T15:20:32","modified_gmt":"2024-04-21T13:20:32","slug":"ausstellungskatalog","status":"publish","type":"page","link":"https:\/\/steinhauerstube.de\/CMS\/ausstellungskatalog\/","title":{"rendered":"Ausstellungskatalog"},"content":{"rendered":"<h1>Ausstellungskatalog<\/h1>\n<p>\t\t\t\t\t\t\t\t\t\t<img decoding=\"async\" src=\"https:\/\/steinhauerstube.de\/CMS\/wp-content\/uploads\/elementor\/thumbs\/Katalogdeckblatt-oqdlqwg4xc0ubuz20ai3rgcaytjn795si7htuvmscg.jpg\" title=\"Katalogdeckblatt\" alt=\"Steinhauerstube Maulbronn Schmie zentraler Ausstellungskatalog Alltagsmagie, Riten, Schutzzauber und Bauopfer\" \/>\t\t\t\t\t\t\t\t\t\t\t<\/p>\n<p style=\"text-align: center;\">Eine Ausstellung der Sammlungen Frank D\u00e4hling und Rainer Scherb<br \/>erg\u00e4nzt durch regionale Beispiele in der \u201eSteinhauerstube\u201c. Das Dorfmuseum in Schmie<br \/>Herausgegeben von Martin Ehlers im Auftrag der Stadt Maulbronn und dem B\u00fcrgerverein Schmie e.V.<br \/>Mit Beitr\u00e4gen von Frank D\u00e4hling, Rainer Scherb, Ulrich Klotz und Andreas K\u00fchnle<br \/>Maulbronn 2020\u00a0<\/p>\n<p style=\"text-align: center;\"><strong>108 Seiten mit zahlreichen Farbabbildungen, broschiert, \u20ac 14,50<\/strong><br \/>Verlag am Klostertor Maulbronn, ISBN 978-3-926414-36-6<br \/>(erh\u00e4ltlich im Buchhandel und in der Steinhauerstube zu den \u00d6ffnungszeiten)<\/p>\n","protected":false},"excerpt":{"rendered":"<p>Ausstellungskatalog Eine Ausstellung der Sammlungen Frank D\u00e4hling und Rainer Scherberg\u00e4nzt durch regionale Beispiele in der \u201eSteinhauerstube\u201c. Das Dorfmuseum in SchmieHerausgegeben von Martin Ehlers im Auftrag der Stadt Maulbronn und dem B\u00fcrgerverein Schmie e.V.Mit Beitr\u00e4gen von Frank D\u00e4hling, Rainer Scherb, Ulrich Klotz und Andreas K\u00fchnleMaulbronn 2020\u00a0 108 Seiten mit zahlreichen Farbabbildungen, broschiert, \u20ac 14,50Verlag am Klostertor [&hellip;]<\/p>\n","protected":false},"author":1,"featured_media":0,"parent":0,"menu_order":0,"comment_status":"closed","ping_status":"closed","template":"elementor_header_footer","meta":{"ocean_post_layout":"full-screen","ocean_both_sidebars_style":"","ocean_both_sidebars_content_width":0,"ocean_both_sidebars_sidebars_width":0,"ocean_sidebar":"0","ocean_second_sidebar":"0","ocean_disable_margins":"enable","ocean_add_body_class":"","ocean_shortcode_before_top_bar":"","ocean_shortcode_after_top_bar":"","ocean_shortcode_before_header":"","ocean_shortcode_after_header":"","ocean_has_shortcode":"","ocean_shortcode_after_title":"","ocean_shortcode_before_footer_widgets":"","ocean_shortcode_after_footer_widgets":"","ocean_shortcode_before_footer_bottom":"","ocean_shortcode_after_footer_bottom":"","ocean_display_top_bar":"default","ocean_display_header":"default","ocean_header_style":"","ocean_center_header_left_menu":"0","ocean_custom_header_template":"0","ocean_custom_logo":0,"ocean_custom_retina_logo":0,"ocean_custom_logo_max_width":0,"ocean_custom_logo_tablet_max_width":0,"ocean_custom_logo_mobile_max_width":0,"ocean_custom_logo_max_height":0,"ocean_custom_logo_tablet_max_height":0,"ocean_custom_logo_mobile_max_height":0,"ocean_header_custom_menu":"0","ocean_menu_typo_font_family":"0","ocean_menu_typo_font_subset":"","ocean_menu_typo_font_size":0,"ocean_menu_typo_font_size_tablet":0,"ocean_menu_typo_font_size_mobile":0,"ocean_menu_typo_font_size_unit":"px","ocean_menu_typo_font_weight":"","ocean_menu_typo_font_weight_tablet":"","ocean_menu_typo_font_weight_mobile":"","ocean_menu_typo_transform":"","ocean_menu_typo_transform_tablet":"","ocean_menu_typo_transform_mobile":"","ocean_menu_typo_line_height":0,"ocean_menu_typo_line_height_tablet":0,"ocean_menu_typo_line_height_mobile":0,"ocean_menu_typo_line_height_unit":"","ocean_menu_typo_spacing":0,"ocean_menu_typo_spacing_tablet":0,"ocean_menu_typo_spacing_mobile":0,"ocean_menu_typo_spacing_unit":"","ocean_menu_link_color":"","ocean_menu_link_color_hover":"","ocean_menu_link_color_active":"","ocean_menu_link_background":"","ocean_menu_link_hover_background":"","ocean_menu_link_active_background":"","ocean_menu_social_links_bg":"","ocean_menu_social_hover_links_bg":"","ocean_menu_social_links_color":"","ocean_menu_social_hover_links_color":"","ocean_disable_title":"on","ocean_disable_heading":"default","ocean_post_title":"","ocean_post_subheading":"","ocean_post_title_style":"","ocean_post_title_background_color":"","ocean_post_title_background":0,"ocean_post_title_bg_image_position":"","ocean_post_title_bg_image_attachment":"","ocean_post_title_bg_image_repeat":"","ocean_post_title_bg_image_size":"","ocean_post_title_height":0,"ocean_post_title_bg_overlay":0.5,"ocean_post_title_bg_overlay_color":"","ocean_disable_breadcrumbs":"default","ocean_breadcrumbs_color":"","ocean_breadcrumbs_separator_color":"","ocean_breadcrumbs_links_color":"","ocean_breadcrumbs_links_hover_color":"","ocean_display_footer_widgets":"default","ocean_display_footer_bottom":"default","ocean_custom_footer_template":"0","footnotes":""},"class_list":["post-298","page","type-page","status-publish","hentry","entry"],"_links":{"self":[{"href":"https:\/\/steinhauerstube.de\/CMS\/wp-json\/wp\/v2\/pages\/298","targetHints":{"allow":["GET"]}}],"collection":[{"href":"https:\/\/steinhauerstube.de\/CMS\/wp-json\/wp\/v2\/pages"}],"about":[{"href":"https:\/\/steinhauerstube.de\/CMS\/wp-json\/wp\/v2\/types\/page"}],"author":[{"embeddable":true,"href":"https:\/\/steinhauerstube.de\/CMS\/wp-json\/wp\/v2\/users\/1"}],"replies":[{"embeddable":true,"href":"https:\/\/steinhauerstube.de\/CMS\/wp-json\/wp\/v2\/comments?post=298"}],"version-history":[{"count":15,"href":"https:\/\/steinhauerstube.de\/CMS\/wp-json\/wp\/v2\/pages\/298\/revisions"}],"predecessor-version":[{"id":1152,"href":"https:\/\/steinhauerstube.de\/CMS\/wp-json\/wp\/v2\/pages\/298\/revisions\/1152"}],"wp:attachment":[{"href":"https:\/\/steinhauerstube.de\/CMS\/wp-json\/wp\/v2\/media?parent=298"}],"curies":[{"name":"wp","href":"https:\/\/api.w.org\/{rel}","templated":true}]}}