{"id":2568,"date":"2024-04-21T14:52:47","date_gmt":"2024-04-21T12:52:47","guid":{"rendered":"https:\/\/steinhauerstube.de\/CMS\/?page_id=2568"},"modified":"2024-04-21T15:19:28","modified_gmt":"2024-04-21T13:19:28","slug":"2024-mitgliederversammlung","status":"publish","type":"page","link":"https:\/\/steinhauerstube.de\/CMS\/2024-mitgliederversammlung\/","title":{"rendered":"2024-Mitgliederversammlung"},"content":{"rendered":"<h1>MITGLIEDERVERSAMMLUNG<\/h1>\n<h1>23.April 2024<\/h1>\n<figure><img decoding=\"async\" src=\"https:\/\/steinhauerstube.de\/CMS\/wp-content\/uploads\/elementor\/thumbs\/2024-Einladung-MVS-qn1dw2r56r170iojwj09ljor0bzlbpz89jcrh87klc.jpg\" alt=\"2024 Einladung MVS\" \/><\/figure>\n<h1>am 23.April 2024, 19Uhr in der Turnhalle Schmie<\/h1>\n<p>Der B\u00fcrgerverein Schmie e.V. l\u00e4dt zur diesj\u00e4hrigen ordentlichen <strong>Mitgliederversammlung am Dienstag, den 23. April 2024, um 19:00 Uhr<\/strong> in der Turnhalle in Schmie, Glaitstra\u00dfe 39 ein. <br \/>Hierzu sind alle Vereinsmitglieder und interessierten B\u00fcrger herzlich eingeladen.<\/p>\n<p>Bitte unterst\u00fctzen Sie die Arbeit unseres Vereins durch Ihre Teilnahme an der Mitgliederversammlung.<\/p>\n<p>Der Vorstand<\/p>\n","protected":false},"excerpt":{"rendered":"<p>MITGLIEDERVERSAMMLUNG 23.April 2024 am 23.April 2024, 19Uhr in der Turnhalle Schmie Der B\u00fcrgerverein Schmie e.V. l\u00e4dt zur diesj\u00e4hrigen ordentlichen Mitgliederversammlung am Dienstag, den 23. April 2024, um 19:00 Uhr in der Turnhalle in Schmie, Glaitstra\u00dfe 39 ein. Hierzu sind alle Vereinsmitglieder und interessierten B\u00fcrger herzlich eingeladen. Bitte unterst\u00fctzen Sie die Arbeit unseres Vereins durch Ihre [&hellip;]<\/p>\n","protected":false},"author":1,"featured_media":0,"parent":0,"menu_order":0,"comment_status":"closed","ping_status":"closed","template":"elementor_header_footer","meta":{"ocean_post_layout":"full-screen","ocean_both_sidebars_style":"","ocean_both_sidebars_content_width":0,"ocean_both_sidebars_sidebars_width":0,"ocean_sidebar":"0","ocean_second_sidebar":"0","ocean_disable_margins":"enable","ocean_add_body_class":"","ocean_shortcode_before_top_bar":"","ocean_shortcode_after_top_bar":"","ocean_shortcode_before_header":"","ocean_shortcode_after_header":"","ocean_has_shortcode":"","ocean_shortcode_after_title":"","ocean_shortcode_before_footer_widgets":"","ocean_shortcode_after_footer_widgets":"","ocean_shortcode_before_footer_bottom":"","ocean_shortcode_after_footer_bottom":"","ocean_display_top_bar":"default","ocean_display_header":"default","ocean_header_style":"","ocean_center_header_left_menu":"0","ocean_custom_header_template":"0","ocean_custom_logo":0,"ocean_custom_retina_logo":0,"ocean_custom_logo_max_width":0,"ocean_custom_logo_tablet_max_width":0,"ocean_custom_logo_mobile_max_width":0,"ocean_custom_logo_max_height":0,"ocean_custom_logo_tablet_max_height":0,"ocean_custom_logo_mobile_max_height":0,"ocean_header_custom_menu":"0","ocean_menu_typo_font_family":"0","ocean_menu_typo_font_subset":"","ocean_menu_typo_font_size":0,"ocean_menu_typo_font_size_tablet":0,"ocean_menu_typo_font_size_mobile":0,"ocean_menu_typo_font_size_unit":"px","ocean_menu_typo_font_weight":"","ocean_menu_typo_font_weight_tablet":"","ocean_menu_typo_font_weight_mobile":"","ocean_menu_typo_transform":"","ocean_menu_typo_transform_tablet":"","ocean_menu_typo_transform_mobile":"","ocean_menu_typo_line_height":0,"ocean_menu_typo_line_height_tablet":0,"ocean_menu_typo_line_height_mobile":0,"ocean_menu_typo_line_height_unit":"","ocean_menu_typo_spacing":0,"ocean_menu_typo_spacing_tablet":0,"ocean_menu_typo_spacing_mobile":0,"ocean_menu_typo_spacing_unit":"","ocean_menu_link_color":"","ocean_menu_link_color_hover":"","ocean_menu_link_color_active":"","ocean_menu_link_background":"","ocean_menu_link_hover_background":"","ocean_menu_link_active_background":"","ocean_menu_social_links_bg":"","ocean_menu_social_hover_links_bg":"","ocean_menu_social_links_color":"","ocean_menu_social_hover_links_color":"","ocean_disable_title":"on","ocean_disable_heading":"default","ocean_post_title":"","ocean_post_subheading":"","ocean_post_title_style":"","ocean_post_title_background_color":"","ocean_post_title_background":0,"ocean_post_title_bg_image_position":"","ocean_post_title_bg_image_attachment":"","ocean_post_title_bg_image_repeat":"","ocean_post_title_bg_image_size":"","ocean_post_title_height":0,"ocean_post_title_bg_overlay":0.5,"ocean_post_title_bg_overlay_color":"","ocean_disable_breadcrumbs":"default","ocean_breadcrumbs_color":"","ocean_breadcrumbs_separator_color":"","ocean_breadcrumbs_links_color":"","ocean_breadcrumbs_links_hover_color":"","ocean_display_footer_widgets":"default","ocean_display_footer_bottom":"default","ocean_custom_footer_template":"0","footnotes":""},"class_list":["post-2568","page","type-page","status-publish","hentry","entry"],"_links":{"self":[{"href":"https:\/\/steinhauerstube.de\/CMS\/wp-json\/wp\/v2\/pages\/2568","targetHints":{"allow":["GET"]}}],"collection":[{"href":"https:\/\/steinhauerstube.de\/CMS\/wp-json\/wp\/v2\/pages"}],"about":[{"href":"https:\/\/steinhauerstube.de\/CMS\/wp-json\/wp\/v2\/types\/page"}],"author":[{"embeddable":true,"href":"https:\/\/steinhauerstube.de\/CMS\/wp-json\/wp\/v2\/users\/1"}],"replies":[{"embeddable":true,"href":"https:\/\/steinhauerstube.de\/CMS\/wp-json\/wp\/v2\/comments?post=2568"}],"version-history":[{"count":7,"href":"https:\/\/steinhauerstube.de\/CMS\/wp-json\/wp\/v2\/pages\/2568\/revisions"}],"predecessor-version":[{"id":2578,"href":"https:\/\/steinhauerstube.de\/CMS\/wp-json\/wp\/v2\/pages\/2568\/revisions\/2578"}],"wp:attachment":[{"href":"https:\/\/steinhauerstube.de\/CMS\/wp-json\/wp\/v2\/media?parent=2568"}],"curies":[{"name":"wp","href":"https:\/\/api.w.org\/{rel}","templated":true}]}}