{"id":2370,"date":"2023-04-30T18:47:40","date_gmt":"2023-04-30T16:47:40","guid":{"rendered":"https:\/\/steinhauerstube.de\/CMS\/?page_id=2370"},"modified":"2024-04-21T14:22:35","modified_gmt":"2024-04-21T12:22:35","slug":"2023-mitgliederversammlung","status":"publish","type":"page","link":"https:\/\/steinhauerstube.de\/CMS\/2023-mitgliederversammlung\/","title":{"rendered":"2023-Mitgliederversammlung"},"content":{"rendered":"<h1>JUBIL\u00c4UMS-MITGLIEDERVERSAMMLUNG<\/h1>\n<h1>\u201e20 Jahre B\u00fcrgerverein\u201c<\/h1>\n<figure><img decoding=\"async\" src=\"https:\/\/steinhauerstube.de\/CMS\/wp-content\/uploads\/elementor\/thumbs\/2023-05-16_MVS_20JahreBuergerverein_Einladung1-q5s8tkwsiys2i5wspzz98m2s793y6ur1kwzd2ti58g.jpg\" alt=\"Einaldung MVS Seite#2\" \/><figcaption>Einaldung MVS Seite#2<\/figcaption><\/figure>\n<figure><img decoding=\"async\" src=\"https:\/\/steinhauerstube.de\/CMS\/wp-content\/uploads\/elementor\/thumbs\/2023-05-16_MVS_20JahreBuergerverein_Einladung2-q5s8ugvazbztgwmdjdskle0gecqfgk9x1b5ve86rcw.jpg\" alt=\"2023-05-16_MVS_20JahreB\u00fcrgerverein_Einladung#2\" \/><\/figure>\n<p>\t\t\t\t\t\t\t\t\t\t\t\tZur\u00fcck<br \/>\n\t\t\t\t\t\t\t\t\t\t\t\tWeiter<\/p>\n<h1>am 16.Mai 2023, 19Uhr in der Turnhalle Schmie<\/h1>\n<p>Zeitgleich mit der Er\u00f6ffnung der Steinhauerstube zur Bewahrung der Geschichte der Steinhauer von Schmie erfolgte 2003 die f\u00f6rmliche Gr\u00fcndung des B\u00fcrgerverein Schmie e.V. zum Zweck der Erforschung und Darstellung der Geschichte der Steinhauer und der Heimatgeschichte in einer musealen Einrichtung im Rathaus Schmie, der Erhaltung bestehender Kulturdenkmale und des Wohnwertes im Dorf.<\/p>\n<p>Der B\u00fcrgerverein Schmie e.V. stellt daher seine diesj\u00e4hrige ordentliche <strong>Mitgliederversammlung am Dienstag, den 16. Mai 2023, um 19:00 Uhr<\/strong> in der Turnhalle in Schmie, Glaitstra\u00dfe 39 unter das Thema \u201e20 Jahre B\u00fcrgerverein\u201c. Hierzu sind alle Vereinsmitglieder und interessierten B\u00fcrger herzlich eingeladen.<\/p>\n<p>Bitte unterst\u00fctzen Sie die Arbeit unseres Vereins durch Ihre Teilnahme an der Mitgliederversammlung.<\/p>\n<p>Der Vorstand<\/p>\n","protected":false},"excerpt":{"rendered":"<p>JUBIL\u00c4UMS-MITGLIEDERVERSAMMLUNG \u201e20 Jahre B\u00fcrgerverein\u201c Einaldung MVS Seite#2 Zur\u00fcck Weiter am 16.Mai 2023, 19Uhr in der Turnhalle Schmie Zeitgleich mit der Er\u00f6ffnung der Steinhauerstube zur Bewahrung der Geschichte der Steinhauer von Schmie erfolgte 2003 die f\u00f6rmliche Gr\u00fcndung des B\u00fcrgerverein Schmie e.V. zum Zweck der Erforschung und Darstellung der Geschichte der Steinhauer und der Heimatgeschichte in einer [&hellip;]<\/p>\n","protected":false},"author":1,"featured_media":0,"parent":0,"menu_order":0,"comment_status":"closed","ping_status":"closed","template":"elementor_header_footer","meta":{"ocean_post_layout":"full-screen","ocean_both_sidebars_style":"","ocean_both_sidebars_content_width":0,"ocean_both_sidebars_sidebars_width":0,"ocean_sidebar":"0","ocean_second_sidebar":"0","ocean_disable_margins":"enable","ocean_add_body_class":"","ocean_shortcode_before_top_bar":"","ocean_shortcode_after_top_bar":"","ocean_shortcode_before_header":"","ocean_shortcode_after_header":"","ocean_has_shortcode":"","ocean_shortcode_after_title":"","ocean_shortcode_before_footer_widgets":"","ocean_shortcode_after_footer_widgets":"","ocean_shortcode_before_footer_bottom":"","ocean_shortcode_after_footer_bottom":"","ocean_display_top_bar":"default","ocean_display_header":"default","ocean_header_style":"","ocean_center_header_left_menu":"0","ocean_custom_header_template":"0","ocean_custom_logo":0,"ocean_custom_retina_logo":0,"ocean_custom_logo_max_width":0,"ocean_custom_logo_tablet_max_width":0,"ocean_custom_logo_mobile_max_width":0,"ocean_custom_logo_max_height":0,"ocean_custom_logo_tablet_max_height":0,"ocean_custom_logo_mobile_max_height":0,"ocean_header_custom_menu":"0","ocean_menu_typo_font_family":"0","ocean_menu_typo_font_subset":"","ocean_menu_typo_font_size":0,"ocean_menu_typo_font_size_tablet":0,"ocean_menu_typo_font_size_mobile":0,"ocean_menu_typo_font_size_unit":"px","ocean_menu_typo_font_weight":"","ocean_menu_typo_font_weight_tablet":"","ocean_menu_typo_font_weight_mobile":"","ocean_menu_typo_transform":"","ocean_menu_typo_transform_tablet":"","ocean_menu_typo_transform_mobile":"","ocean_menu_typo_line_height":0,"ocean_menu_typo_line_height_tablet":0,"ocean_menu_typo_line_height_mobile":0,"ocean_menu_typo_line_height_unit":"","ocean_menu_typo_spacing":0,"ocean_menu_typo_spacing_tablet":0,"ocean_menu_typo_spacing_mobile":0,"ocean_menu_typo_spacing_unit":"","ocean_menu_link_color":"","ocean_menu_link_color_hover":"","ocean_menu_link_color_active":"","ocean_menu_link_background":"","ocean_menu_link_hover_background":"","ocean_menu_link_active_background":"","ocean_menu_social_links_bg":"","ocean_menu_social_hover_links_bg":"","ocean_menu_social_links_color":"","ocean_menu_social_hover_links_color":"","ocean_disable_title":"on","ocean_disable_heading":"default","ocean_post_title":"","ocean_post_subheading":"","ocean_post_title_style":"","ocean_post_title_background_color":"","ocean_post_title_background":0,"ocean_post_title_bg_image_position":"","ocean_post_title_bg_image_attachment":"","ocean_post_title_bg_image_repeat":"","ocean_post_title_bg_image_size":"","ocean_post_title_height":0,"ocean_post_title_bg_overlay":0.5,"ocean_post_title_bg_overlay_color":"","ocean_disable_breadcrumbs":"default","ocean_breadcrumbs_color":"","ocean_breadcrumbs_separator_color":"","ocean_breadcrumbs_links_color":"","ocean_breadcrumbs_links_hover_color":"","ocean_display_footer_widgets":"default","ocean_display_footer_bottom":"default","ocean_custom_footer_template":"0","footnotes":""},"class_list":["post-2370","page","type-page","status-publish","hentry","entry"],"_links":{"self":[{"href":"https:\/\/steinhauerstube.de\/CMS\/wp-json\/wp\/v2\/pages\/2370","targetHints":{"allow":["GET"]}}],"collection":[{"href":"https:\/\/steinhauerstube.de\/CMS\/wp-json\/wp\/v2\/pages"}],"about":[{"href":"https:\/\/steinhauerstube.de\/CMS\/wp-json\/wp\/v2\/types\/page"}],"author":[{"embeddable":true,"href":"https:\/\/steinhauerstube.de\/CMS\/wp-json\/wp\/v2\/users\/1"}],"replies":[{"embeddable":true,"href":"https:\/\/steinhauerstube.de\/CMS\/wp-json\/wp\/v2\/comments?post=2370"}],"version-history":[{"count":4,"href":"https:\/\/steinhauerstube.de\/CMS\/wp-json\/wp\/v2\/pages\/2370\/revisions"}],"predecessor-version":[{"id":2376,"href":"https:\/\/steinhauerstube.de\/CMS\/wp-json\/wp\/v2\/pages\/2370\/revisions\/2376"}],"wp:attachment":[{"href":"https:\/\/steinhauerstube.de\/CMS\/wp-json\/wp\/v2\/media?parent=2370"}],"curies":[{"name":"wp","href":"https:\/\/api.w.org\/{rel}","templated":true}]}}